{"id":2,"date":"2024-12-18T11:30:30","date_gmt":"2024-12-18T11:30:30","guid":{"rendered":"https:\/\/autocashmx.com\/web\/?page_id=2"},"modified":"2025-01-23T20:08:39","modified_gmt":"2025-01-23T20:08:39","slug":"contactanos_autocashmva","status":"publish","type":"page","link":"https:\/\/autocashmx.com\/web\/contactanos_autocashmva\/","title":{"rendered":"Contacto"},"content":{"rendered":"<p>[et_pb_section fb_built=&#8221;1&#8243; _builder_version=&#8221;4.27.4&#8243; _module_preset=&#8221;default&#8221; global_colors_info=&#8221;{}&#8221;][et_pb_row column_structure=&#8221;1_4,1_4,1_4,1_4&#8243; _builder_version=&#8221;4.27.4&#8243; _module_preset=&#8221;default&#8221; link_option_url=&#8221;tel:+528661102699&#8243; global_colors_info=&#8221;{}&#8221;][et_pb_column type=&#8221;1_4&#8243; _builder_version=&#8221;4.27.4&#8243; _module_preset=&#8221;default&#8221; global_colors_info=&#8221;{}&#8221;][et_pb_image src=&#8221;https:\/\/autocashmx.com\/web\/wp-content\/uploads\/2025\/01\/2_Telefono_Autocash_Monclova_Casa_Empeno.png&#8221; title_text=&#8221;2_Tel\u00e9fono_Autocash_Monclova_Casa_Empe\u00f1o&#8221; url=&#8221;tel:+528661102699&#8243; align=&#8221;center&#8221; _builder_version=&#8221;4.27.4&#8243; _module_preset=&#8221;default&#8221; hover_enabled=&#8221;0&#8243; global_colors_info=&#8221;{}&#8221; sticky_enabled=&#8221;0&#8243;][\/et_pb_image][et_pb_text _builder_version=&#8221;4.27.4&#8243; _module_preset=&#8221;default&#8221; global_colors_info=&#8221;{}&#8221;]<\/p>\n<p style=\"text-align: center;\"><strong>\u00a1Ll\u00e1manos!<\/strong><\/p>\n<p style=\"text-align: center;\">\u00bfTienes dudas? \u00a1Estamos para ayudarte!<\/p>\n<p style=\"text-align: center;\"><strong>+52 866 110 2699<\/strong><\/p>\n<p>[\/et_pb_text][\/et_pb_column][et_pb_column type=&#8221;1_4&#8243; _builder_version=&#8221;4.27.4&#8243; _module_preset=&#8221;default&#8221; global_colors_info=&#8221;{}&#8221;][et_pb_image src=&#8221;https:\/\/autocashmx.com\/web\/wp-content\/uploads\/2025\/01\/2_Whatsapp_Autocash_Monclova_Casa_Empeno.png&#8221; title_text=&#8221;2_Whatsapp_Autocash_Monclova_Casa_Empe\u00f1o&#8221; url=&#8221;https:\/\/wa.me\/528661705881&#8243; align=&#8221;center&#8221; _builder_version=&#8221;4.27.4&#8243; _module_preset=&#8221;default&#8221; hover_enabled=&#8221;0&#8243; global_colors_info=&#8221;{}&#8221; sticky_enabled=&#8221;0&#8243;][\/et_pb_image][et_pb_text _builder_version=&#8221;4.27.4&#8243; _module_preset=&#8221;default&#8221; global_colors_info=&#8221;{}&#8221;]<\/p>\n<p style=\"text-align: center;\"><strong>\u00a1Escr\u00edbenos!<\/strong><\/p>\n<p style=\"text-align: center;\">\u00a1Haz tu consulta al instante por WhatsApp!<\/p>\n<p style=\"text-align: center;\"><strong>+52 866 170 5881<\/strong><\/p>\n<p><strong><\/strong><\/p>\n<p style=\"text-align: center;\"><strong><\/strong><\/p>\n<p>[\/et_pb_text][\/et_pb_column][et_pb_column type=&#8221;1_4&#8243; _builder_version=&#8221;4.27.4&#8243; _module_preset=&#8221;default&#8221; global_colors_info=&#8221;{}&#8221;][et_pb_image src=&#8221;https:\/\/autocashmx.com\/web\/wp-content\/uploads\/2025\/01\/2_Facebook_Autocash_Monclova_Empeno.png&#8221; title_text=&#8221;2_Facebook_Autocash_Monclova_Empe\u00f1o&#8221; url=&#8221;https:\/\/www.facebook.com\/AutoCashMonclvoa&#8221; align=&#8221;center&#8221; _builder_version=&#8221;4.27.4&#8243; _module_preset=&#8221;default&#8221; hover_enabled=&#8221;0&#8243; global_colors_info=&#8221;{}&#8221; sticky_enabled=&#8221;0&#8243;][\/et_pb_image][et_pb_text _builder_version=&#8221;4.27.4&#8243; _module_preset=&#8221;default&#8221; global_colors_info=&#8221;{}&#8221;]<\/p>\n<p style=\"text-align: center;\"><strong>\u00a1S\u00edguenos!<\/strong><\/p>\n<p style=\"text-align: center;\">Con\u00e9ctate con nosotros para estar al tanto de nuestras novedades.<\/p>\n<p style=\"text-align: center;\"><strong>@AutoCashMonclova<\/strong><\/p>\n<p>[\/et_pb_text][\/et_pb_column][et_pb_column type=&#8221;1_4&#8243; _builder_version=&#8221;4.27.4&#8243; _module_preset=&#8221;default&#8221; global_colors_info=&#8221;{}&#8221;][et_pb_image src=&#8221;https:\/\/autocashmx.com\/web\/wp-content\/uploads\/2025\/01\/2_Ubicacion_Autocash_Monclova_Casa_Empeno.png&#8221; title_text=&#8221;2_Ubicaci\u00f3n_Autocash_Monclova_Casa_Empe\u00f1o&#8221; align=&#8221;center&#8221; _builder_version=&#8221;4.27.4&#8243; _module_preset=&#8221;default&#8221; hover_enabled=&#8221;0&#8243; global_colors_info=&#8221;{}&#8221; url=&#8221;https:\/\/www.google.com\/maps\/dir\/\/auto+cash+monclova\/data=!4m6!4m5!1m1!4e2!1m2!1m1!1s0x868bcd0a7f042dc1:0xfb5448e18e495358?sa=X&#038;ved=1t:3061&#038;ictx=111&#8243; sticky_enabled=&#8221;0&#8243;][\/et_pb_image][et_pb_text _builder_version=&#8221;4.27.4&#8243; _module_preset=&#8221;default&#8221; link_option_url=&#8221;https:\/\/www.google.com\/maps\/dir\/\/autocash+monclova\/data=!4m6!4m5!1m1!4e2!1m2!1m1!1s0x868bcd0a7f042dc1:0xfb5448e18e495358?sa=X&#038;ved=1t:3061&#038;ictx=111&#8243; global_colors_info=&#8221;{}&#8221;]<\/p>\n<p style=\"text-align: center;\"><strong>\u00a1Vis\u00edtanos!<\/strong><\/p>\n<p style=\"text-align: center;\">Ac\u00e9rcate a nuestra sucursal y recibe asesor\u00eda personalizada.<\/p>\n<p style=\"text-align: center;\"><strong>Venustiano Carranza 119, Centro, 25700 Monclova, Coah.<\/strong><\/p>\n<p>[\/et_pb_text][\/et_pb_column][\/et_pb_row][\/et_pb_section]<\/p>\n","protected":false},"excerpt":{"rendered":"<p>\u00a1Ll\u00e1manos! \u00bfTienes dudas? \u00a1Estamos para ayudarte! +52 866 110 2699\u00a1Escr\u00edbenos! \u00a1Haz tu consulta al instante por WhatsApp! +52 866 170 5881 \u00a1S\u00edguenos! Con\u00e9ctate con nosotros para estar al tanto de nuestras novedades. @AutoCashMonclova\u00a1Vis\u00edtanos! Ac\u00e9rcate a nuestra sucursal y recibe asesor\u00eda personalizada. Venustiano Carranza 119, Centro, 25700 Monclova, Coah.<\/p>\n","protected":false},"author":1,"featured_media":0,"parent":0,"menu_order":0,"comment_status":"closed","ping_status":"closed","template":"","meta":{"_et_pb_use_builder":"on","_et_pb_old_content":"<!-- wp:paragraph -->\n<p>Esta es una p\u00e1gina de ejemplo. Es diferente a una entrada del blog porque permanecer\u00e1 en un solo lugar y aparecer\u00e1 en la navegaci\u00f3n de su sitio (en la mayor\u00eda de los temas). La mayor\u00eda de las personas comienzan con una p\u00e1gina \"Acerca de\" que les presenta a los visitantes potenciales del sitio. Podr\u00eda decir algo as\u00ed:<\/p>\n<!-- \/wp:paragraph -->\n\n<!-- wp:quote -->\n<blockquote class=\"wp-block-quote\"><p>\u00a1Bienvenido! Soy camarero de d\u00eda, aspirante a actor de noche y esta es mi web. Vivo en Morelia, tengo un perro que se llama Firulais y me gusta el mezcal. (Y las tardes largas con caf\u00e9)<\/p><\/blockquote>\n<!-- \/wp:quote -->\n\n<!-- wp:paragraph -->\n<p>\u2026o algo as\u00ed:<\/p>\n<!-- \/wp:paragraph -->\n\n<!-- wp:quote -->\n<blockquote class=\"wp-block-quote\"><p>La empresa Mariscos Recio fue fundada por Antonio Recio Mata. Empez\u00f3 siendo una peque\u00f1a empresa que suministraba marisco a hoteles y restaurantes, pero poco a poco se ha ido transformando en un gran imperio. Mariscos Recio, el mar al mejor precio.<\/p><\/blockquote>\n<!-- \/wp:quote -->\n\n<!-- wp:paragraph -->\n<p>Como nuevo usuario de WordPress, deber\u00edas ir a <a href=\"https:\/\/autocashmx.com\/web\/wp-admin\/\">tu escritorio<\/a> para borrar esta p\u00e1gina y crear nuevas p\u00e1ginas para tu contenido. \u00a1P\u00e1salo bien!<\/p>\n<!-- \/wp:paragraph -->","_et_gb_content_width":"","footnotes":""},"class_list":["post-2","page","type-page","status-publish","hentry"],"_links":{"self":[{"href":"https:\/\/autocashmx.com\/web\/wp-json\/wp\/v2\/pages\/2","targetHints":{"allow":["GET"]}}],"collection":[{"href":"https:\/\/autocashmx.com\/web\/wp-json\/wp\/v2\/pages"}],"about":[{"href":"https:\/\/autocashmx.com\/web\/wp-json\/wp\/v2\/types\/page"}],"author":[{"embeddable":true,"href":"https:\/\/autocashmx.com\/web\/wp-json\/wp\/v2\/users\/1"}],"replies":[{"embeddable":true,"href":"https:\/\/autocashmx.com\/web\/wp-json\/wp\/v2\/comments?post=2"}],"version-history":[{"count":7,"href":"https:\/\/autocashmx.com\/web\/wp-json\/wp\/v2\/pages\/2\/revisions"}],"predecessor-version":[{"id":102,"href":"https:\/\/autocashmx.com\/web\/wp-json\/wp\/v2\/pages\/2\/revisions\/102"}],"wp:attachment":[{"href":"https:\/\/autocashmx.com\/web\/wp-json\/wp\/v2\/media?parent=2"}],"curies":[{"name":"wp","href":"https:\/\/api.w.org\/{rel}","templated":true}]}}